{"id":225,"date":"2017-03-10T20:25:53","date_gmt":"2017-03-10T20:25:53","guid":{"rendered":"http:\/\/www.resourceintegration.ca\/\/?page_id=225\/"},"modified":"2025-01-24T16:35:57","modified_gmt":"2025-01-24T16:35:57","slug":"homepage","status":"publish","type":"page","link":"https:\/\/www.resourceintegration.ca\/en\/","title":{"rendered":"Homepage"},"content":{"rendered":"<div class=\"wpb-content-wrapper\"><p>[vc_row css_animation=&#8221;&#8221; row_type=&#8221;row&#8221; use_row_as_full_screen_section=&#8221;no&#8221; type=&#8221;full_width&#8221; angled_section=&#8221;no&#8221; text_align=&#8221;left&#8221; background_image_as_pattern=&#8221;without_pattern&#8221; el_id=&#8221;bloc1&#8243;][vc_column el_class=&#8221;bloc1-left&#8221; offset=&#8221;vc_col-md-12&#8243;][vc_single_image image=&#8221;63&#8243; img_size=&#8221;full&#8221; qode_css_animation=&#8221;&#8221;][vc_column_text el_class=&#8221;match-height&#8221;]<\/p>\n<h3>Assembly and packaging<\/h3>\n<p>We set the industry standard for manual assembly and packaging work by being timely, flexible and adaptable when carrying out our tasks.[\/vc_column_text][vc_column_text]<a href=\"https:\/\/www.resourceintegration.ca\/services\/assemblage-emballage\/\">See more\u00a0&gt;<\/a>[\/vc_column_text][\/vc_column][\/vc_row][vc_row css_animation=&#8221;&#8221; row_type=&#8221;row&#8221; use_row_as_full_screen_section=&#8221;no&#8221; type=&#8221;full_width&#8221; angled_section=&#8221;no&#8221; text_align=&#8221;left&#8221; background_image_as_pattern=&#8221;without_pattern&#8221;][vc_column][vc_video link=&#8221;https:\/\/youtu.be\/iaL0HpnqM-4&#8243;][\/vc_column][\/vc_row][vc_row row_type=&#8221;parallax&#8221; parallax_content_width=&#8221;in_grid&#8221; text_align=&#8221;left&#8221; background_image=&#8221;312&#8243; full_screen_section_height=&#8221;no&#8221; el_id=&#8221;bloc2&#8243;][vc_column width=&#8221;1\/3&#8243; el_class=&#8221;bloc2-left&#8221;][vc_single_image image=&#8221;1312&#8243; img_size=&#8221;275&#215;275&#8243; alignment=&#8221;center&#8221; css=&#8221;&#8221; qode_css_animation=&#8221;&#8221;][\/vc_column][vc_column width=&#8221;2\/3&#8243; el_class=&#8221;bloc2-right&#8221;][vc_column_text css=&#8221;&#8221;]<\/p>\n<h1>Quality services<br \/>\nfor over 40 years<\/h1>\n<p>Calling the Gatineau-Ottawa region its home for over 40 years,<br \/>\nRe-Source Int\u00e9gration provides a unique approach to general<br \/>\nassembly and packaging, as well as cardboard skid production.[\/vc_column_text]<a  itemprop=\"url\" href=\"http:\/\/www.resourceintegration.ca\/\/en\/contact-us\/\" target=\"_self\"  class=\"qbutton  default\" style=\"\">Contact Us<\/a>[\/vc_column][\/vc_row][vc_row css_animation=&#8221;&#8221; row_type=&#8221;row&#8221; use_row_as_full_screen_section=&#8221;no&#8221; type=&#8221;full_width&#8221; angled_section=&#8221;no&#8221; text_align=&#8221;left&#8221; background_image_as_pattern=&#8221;without_pattern&#8221; el_id=&#8221;bloc3&#8243;][vc_column]<div class='google_map_shortcode_holder' style='height:470px;'><div class='qode_google_map' style='height:470px;' id='map_canvas_45205' data-addresses='[\"312, rue Saint-Louis Gatineau, QC J8P 8B3\"]' data-custom-map-style='false' data-color-overlay='#393939' data-saturation='-100' data-lightness='-60' data-zoom='15' data-pin='https:\/\/www.resourceintegration.ca\/wp-content\/uploads\/2017\/02\/pin-drop-shadow.png' data-unique-id='45205' data-google-maps-scroll-wheel='false' data-map-height='470'><\/div><div class='google_map_shortcode_overlay'><\/div><\/div>[\/vc_column][\/vc_row]<\/p>\n<\/div>","protected":false},"excerpt":{"rendered":"<p>[vc_row css_animation=&#8221;&#8221; row_type=&#8221;row&#8221; use_row_as_full_screen_section=&#8221;no&#8221; type=&#8221;full_width&#8221; angled_section=&#8221;no&#8221; text_align=&#8221;left&#8221; background_image_as_pattern=&#8221;without_pattern&#8221; el_id=&#8221;bloc1&#8243;][vc_column el_class=&#8221;bloc1-left&#8221; offset=&#8221;vc_col-md-12&#8243;][vc_single_image image=&#8221;63&#8243; img_size=&#8221;full&#8221; qode_css_animation=&#8221;&#8221;][vc_column_text el_class=&#8221;match-height&#8221;] Assembly and packaging We set the industry standard for manual assembly and packaging work by&#8230;<\/p>\n","protected":false},"author":1,"featured_media":0,"parent":0,"menu_order":0,"comment_status":"closed","ping_status":"closed","template":"full_width.php","meta":{"_acf_changed":false,"footnotes":""},"class_list":["post-225","page","type-page","status-publish","hentry"],"acf":[],"yoast_head":"<!-- This site is optimized with the Yoast SEO plugin v27.4 - https:\/\/yoast.com\/product\/yoast-seo-wordpress\/ -->\n<title>Assembly - Packaging - Cardboard Skids - Recycling | Re-Source Int\u00e9gration | Gatineau<\/title>\n<meta name=\"robots\" content=\"index, follow, max-snippet:-1, max-image-preview:large, max-video-preview:-1\" \/>\n<link rel=\"canonical\" href=\"https:\/\/www.resourceintegration.ca\/en\/\" \/>\n<meta property=\"og:locale\" content=\"en_US\" \/>\n<meta property=\"og:type\" content=\"article\" \/>\n<meta property=\"og:title\" content=\"Assembly - Packaging - Cardboard Skids - Recycling | Re-Source Int\u00e9gration | Gatineau\" \/>\n<meta property=\"og:description\" content=\"[vc_row css_animation=&#8221;&#8221; row_type=&#8221;row&#8221; use_row_as_full_screen_section=&#8221;no&#8221; type=&#8221;full_width&#8221; angled_section=&#8221;no&#8221; text_align=&#8221;left&#8221; background_image_as_pattern=&#8221;without_pattern&#8221; el_id=&#8221;bloc1&#8243;][vc_column el_class=&#8221;bloc1-left&#8221; offset=&#8221;vc_col-md-12&#8243;][vc_single_image image=&#8221;63&#8243; img_size=&#8221;full&#8221; qode_css_animation=&#8221;&#8221;][vc_column_text el_class=&#8221;match-height&#8221;] Assembly and packaging We set the industry standard for manual assembly and packaging work by...\" \/>\n<meta property=\"og:url\" content=\"https:\/\/www.resourceintegration.ca\/en\/\" \/>\n<meta property=\"og:site_name\" content=\"Re-Source Int\u00e9gration\" \/>\n<meta property=\"article:modified_time\" content=\"2025-01-24T16:35:57+00:00\" \/>\n<meta property=\"og:image\" content=\"http:\/\/www.resourceintegration.ca\/\/wp-content\/uploads\/2017\/02\/slide-1.jpg\" \/>\n<meta name=\"twitter:card\" content=\"summary_large_image\" \/>\n<meta name=\"twitter:label1\" content=\"Est. reading time\" \/>\n\t<meta name=\"twitter:data1\" content=\"2 minutes\" \/>\n<script type=\"application\/ld+json\" class=\"yoast-schema-graph\">{\"@context\":\"https:\\\/\\\/schema.org\",\"@graph\":[{\"@type\":\"WebPage\",\"@id\":\"https:\\\/\\\/www.resourceintegration.ca\\\/en\\\/\",\"url\":\"https:\\\/\\\/www.resourceintegration.ca\\\/en\\\/\",\"name\":\"Assembly - Packaging - Cardboard Skids - Recycling | Re-Source Int\u00e9gration | Gatineau\",\"isPartOf\":{\"@id\":\"https:\\\/\\\/www.resourceintegration.ca\\\/#website\"},\"datePublished\":\"2017-03-10T20:25:53+00:00\",\"dateModified\":\"2025-01-24T16:35:57+00:00\",\"breadcrumb\":{\"@id\":\"https:\\\/\\\/www.resourceintegration.ca\\\/en\\\/#breadcrumb\"},\"inLanguage\":\"en-US\",\"potentialAction\":[{\"@type\":\"ReadAction\",\"target\":[\"https:\\\/\\\/www.resourceintegration.ca\\\/en\\\/\"]}]},{\"@type\":\"BreadcrumbList\",\"@id\":\"https:\\\/\\\/www.resourceintegration.ca\\\/en\\\/#breadcrumb\",\"itemListElement\":[{\"@type\":\"ListItem\",\"position\":1,\"name\":\"Accueil\",\"item\":\"https:\\\/\\\/www.resourceintegration.ca\\\/en\\\/\"},{\"@type\":\"ListItem\",\"position\":2,\"name\":\"Homepage\"}]},{\"@type\":\"WebSite\",\"@id\":\"https:\\\/\\\/www.resourceintegration.ca\\\/#website\",\"url\":\"https:\\\/\\\/www.resourceintegration.ca\\\/\",\"name\":\"Re-Source Int\u00e9gration\",\"description\":\"Une force socio\u00e9conomique, des travailleurs engag\u00e9s.\",\"potentialAction\":[{\"@type\":\"SearchAction\",\"target\":{\"@type\":\"EntryPoint\",\"urlTemplate\":\"https:\\\/\\\/www.resourceintegration.ca\\\/?s={search_term_string}\"},\"query-input\":{\"@type\":\"PropertyValueSpecification\",\"valueRequired\":true,\"valueName\":\"search_term_string\"}}],\"inLanguage\":\"en-US\"}]}<\/script>\n<!-- \/ Yoast SEO plugin. -->","yoast_head_json":{"title":"Assembly - Packaging - Cardboard Skids - Recycling | Re-Source Int\u00e9gration | Gatineau","robots":{"index":"index","follow":"follow","max-snippet":"max-snippet:-1","max-image-preview":"max-image-preview:large","max-video-preview":"max-video-preview:-1"},"canonical":"https:\/\/www.resourceintegration.ca\/en\/","og_locale":"en_US","og_type":"article","og_title":"Assembly - Packaging - Cardboard Skids - Recycling | Re-Source Int\u00e9gration | Gatineau","og_description":"[vc_row css_animation=&#8221;&#8221; row_type=&#8221;row&#8221; use_row_as_full_screen_section=&#8221;no&#8221; type=&#8221;full_width&#8221; angled_section=&#8221;no&#8221; text_align=&#8221;left&#8221; background_image_as_pattern=&#8221;without_pattern&#8221; el_id=&#8221;bloc1&#8243;][vc_column el_class=&#8221;bloc1-left&#8221; offset=&#8221;vc_col-md-12&#8243;][vc_single_image image=&#8221;63&#8243; img_size=&#8221;full&#8221; qode_css_animation=&#8221;&#8221;][vc_column_text el_class=&#8221;match-height&#8221;] Assembly and packaging We set the industry standard for manual assembly and packaging work by...","og_url":"https:\/\/www.resourceintegration.ca\/en\/","og_site_name":"Re-Source Int\u00e9gration","article_modified_time":"2025-01-24T16:35:57+00:00","og_image":[{"url":"http:\/\/www.resourceintegration.ca\/\/wp-content\/uploads\/2017\/02\/slide-1.jpg","type":"","width":"","height":""}],"twitter_card":"summary_large_image","twitter_misc":{"Est. reading time":"2 minutes"},"schema":{"@context":"https:\/\/schema.org","@graph":[{"@type":"WebPage","@id":"https:\/\/www.resourceintegration.ca\/en\/","url":"https:\/\/www.resourceintegration.ca\/en\/","name":"Assembly - Packaging - Cardboard Skids - Recycling | Re-Source Int\u00e9gration | Gatineau","isPartOf":{"@id":"https:\/\/www.resourceintegration.ca\/#website"},"datePublished":"2017-03-10T20:25:53+00:00","dateModified":"2025-01-24T16:35:57+00:00","breadcrumb":{"@id":"https:\/\/www.resourceintegration.ca\/en\/#breadcrumb"},"inLanguage":"en-US","potentialAction":[{"@type":"ReadAction","target":["https:\/\/www.resourceintegration.ca\/en\/"]}]},{"@type":"BreadcrumbList","@id":"https:\/\/www.resourceintegration.ca\/en\/#breadcrumb","itemListElement":[{"@type":"ListItem","position":1,"name":"Accueil","item":"https:\/\/www.resourceintegration.ca\/en\/"},{"@type":"ListItem","position":2,"name":"Homepage"}]},{"@type":"WebSite","@id":"https:\/\/www.resourceintegration.ca\/#website","url":"https:\/\/www.resourceintegration.ca\/","name":"Re-Source Int\u00e9gration","description":"Une force socio\u00e9conomique, des travailleurs engag\u00e9s.","potentialAction":[{"@type":"SearchAction","target":{"@type":"EntryPoint","urlTemplate":"https:\/\/www.resourceintegration.ca\/?s={search_term_string}"},"query-input":{"@type":"PropertyValueSpecification","valueRequired":true,"valueName":"search_term_string"}}],"inLanguage":"en-US"}]}},"_links":{"self":[{"href":"https:\/\/www.resourceintegration.ca\/en\/wp-json\/wp\/v2\/pages\/225","targetHints":{"allow":["GET"]}}],"collection":[{"href":"https:\/\/www.resourceintegration.ca\/en\/wp-json\/wp\/v2\/pages"}],"about":[{"href":"https:\/\/www.resourceintegration.ca\/en\/wp-json\/wp\/v2\/types\/page"}],"author":[{"embeddable":true,"href":"https:\/\/www.resourceintegration.ca\/en\/wp-json\/wp\/v2\/users\/1"}],"replies":[{"embeddable":true,"href":"https:\/\/www.resourceintegration.ca\/en\/wp-json\/wp\/v2\/comments?post=225"}],"version-history":[{"count":20,"href":"https:\/\/www.resourceintegration.ca\/en\/wp-json\/wp\/v2\/pages\/225\/revisions"}],"predecessor-version":[{"id":1313,"href":"https:\/\/www.resourceintegration.ca\/en\/wp-json\/wp\/v2\/pages\/225\/revisions\/1313"}],"wp:attachment":[{"href":"https:\/\/www.resourceintegration.ca\/en\/wp-json\/wp\/v2\/media?parent=225"}],"curies":[{"name":"wp","href":"https:\/\/api.w.org\/{rel}","templated":true}]}}