{"id":234,"date":"2017-03-10T20:58:59","date_gmt":"2017-03-10T20:58:59","guid":{"rendered":"http:\/\/www.resourceintegration.ca\/\/?page_id=234\/"},"modified":"2019-06-06T17:33:04","modified_gmt":"2019-06-06T17:33:04","slug":"assembly-packaging","status":"publish","type":"page","link":"https:\/\/www.resourceintegration.ca\/en\/services\/assembly-packaging\/","title":{"rendered":"Assembly &#038; packaging"},"content":{"rendered":"<div class=\"wpb-content-wrapper\"><p>[vc_row css_animation=&#8221;&#8221; row_type=&#8221;row&#8221; use_row_as_full_screen_section=&#8221;no&#8221; type=&#8221;grid&#8221; angled_section=&#8221;no&#8221; text_align=&#8221;left&#8221; background_image_as_pattern=&#8221;without_pattern&#8221; el_id=&#8221;template-simple&#8221;][vc_column][vc_column_text]We specialize in manual assembly and packaging work where no automation is involved at any step in the process.<\/p>\n<p>The expertise that we built over the years has allowed us to meet the highest quality control standards for on-demand assembly, packaging, packing and labelling, as well as for different kinds of boxing and sealing tasks.<\/p>\n<p>We offer a safe, confidential and competitive service while our flexibility allows us to satisfy last minute requests with the same attention to detail given to other demands.<\/p>\n<p>For many years, we are proud to have served and to this day retain among our clients the Royal Canadian Mint, US-based Capitol Vial, as well as many other satisfied partners.<\/p>\n<p>Testimonials:<\/p>\n<p style=\"text-align: left;\"><span style=\"color: #0000ff;\"><em>&#8220;Re-Source Integration has always demonstrated quickness, precision and reliability in the fulfillment of every task we\u2019ve entrusted to them for the last 20 years. Their mission, the quality of the work performed by their employees and the excellent business relationship we have with their team make them a service provider of choice for The Royal Canadian Mint.&#8221;\u00a0 <\/em><\/span><br \/>\n<span style=\"color: #0000ff;\"><em>\u00a0 \u00a0 \u00a0 \u00a0 \u00a0 \u00a0 \u00a0 \u00a0 \u00a0 \u00a0 \u00a0 \u00a0 \u00a0 \u00a0 \u00a0 \u00a0 \u00a0 \u00a0 \u00a0 \u00a0 \u00a0 \u00a0 \u00a0 \u00a0 \u00a0 \u00a0 \u00a0 \u00a0 \u00a0 \u00a0 \u00a0 \u00a0 \u00a0 \u00a0 \u00a0 \u00a0 \u00a0 \u00a0 \u00a0 \u00a0 \u00a0 \u00a0 \u00a0 \u00a0 \u00a0 \u00a0 \u00a0 \u00a0 \u00a0 \u00a0 \u00a0 \u00a0 \u00a0 \u00a0 \u00a0 \u00a0 \u00a0 \u00a0 \u00a0 \u00a0 \u00a0 \u00a0 \u00a0 \u00a0 \u00a0 \u00a0 \u00a0 \u00a0 \u00a0 \u00a0 \u00a0 \u00a0 \u00a0 \u00a0 \u00a0 \u00a0 \u00a0 \u00a0 \u00a0 \u00a0 \u00a0 \u00a0 -Michael Groves, Senior Director, Royal Canadian Mint.<\/em><\/span><\/p>\n<p><em><span style=\"color: #0000ff;\">&#8220;Our clientele are continually demanding higher levels of customization in the presentation of our products, and in working with Re-Source Int\u00e9gration we\u2019ve been able to respond to those needs, and on tight timelines.\u00a0<\/span><span style=\"color: #0000ff;\">Re-Source Int\u00e9gration has become a reliable partner, not only for on-time delivery, but also accuracy. There is absolutely no denying the pride of a job well done by its professional staff.&#8221;<\/span><\/em><br \/>\n<span style=\"color: #0000ff;\"><em>\u00a0 \u00a0 \u00a0 \u00a0 \u00a0 \u00a0 \u00a0 \u00a0 \u00a0 \u00a0 \u00a0 \u00a0 \u00a0 \u00a0 \u00a0 \u00a0 \u00a0 \u00a0 \u00a0 \u00a0 \u00a0 \u00a0 \u00a0 \u00a0 \u00a0 \u00a0 \u00a0 \u00a0 \u00a0 \u00a0 \u00a0 \u00a0 \u00a0 \u00a0 \u00a0 \u00a0 \u00a0 \u00a0 \u00a0 \u00a0 \u00a0 \u00a0 \u00a0 \u00a0 \u00a0 \u00a0 \u00a0 \u00a0 \u00a0 \u00a0 \u00a0 \u00a0 \u00a0 \u00a0 \u00a0 \u00a0 \u00a0 \u00a0 \u00a0 \u00a0 \u00a0 \u00a0 \u00a0 \u00a0 \u00a0 \u00a0 \u00a0 \u00a0 \u00a0 \u00a0 \u00a0 \u00a0 \u00a0 \u00a0 \u00a0 \u00a0 \u00a0 \u00a0 \u00a0 \u00a0 \u00a0 \u00a0 \u00a0 \u00a0 \u00a0 \u00a0 \u00a0 \u00a0 \u00a0 \u00a0 \u00a0 \u00a0 \u00a0 \u00a0 \u00a0-John Lee, President, J.F. SPORTS CANADA<\/em><\/span><\/p>\n<p><span style=\"color: #0000ff;\"><em>&#8220;I wish to take this opportunity to express our appreciation for your services.&#8221;<\/em><\/span><br \/>\n<em><span style=\"color: #0000ff;\">\u00a0 \u00a0 \u00a0 \u00a0 \u00a0 \u00a0 \u00a0 \u00a0 \u00a0 \u00a0 \u00a0 \u00a0 \u00a0 \u00a0 \u00a0 \u00a0 \u00a0 \u00a0 \u00a0 \u00a0 \u00a0 \u00a0 \u00a0 \u00a0 \u00a0 \u00a0 \u00a0 \u00a0 \u00a0 \u00a0 \u00a0 \u00a0 \u00a0 \u00a0 \u00a0 \u00a0 \u00a0 \u00a0 \u00a0 \u00a0 \u00a0 \u00a0 \u00a0 \u00a0 \u00a0 \u00a0 \u00a0 \u00a0 \u00a0 \u00a0 \u00a0 \u00a0 \u00a0 \u00a0 \u00a0 \u00a0 \u00a0 \u00a0 \u00a0 \u00a0 \u00a0 \u00a0 \u00a0 \u00a0 \u00a0 \u00a0 \u00a0 \u00a0 \u00a0 \u00a0 \u00a0 \u00a0 \u00a0 \u00a0 \u00a0 \u00a0 \u00a0 \u00a0 \u00a0 \u00a0 \u00a0 \u00a0 \u00a0 \u00a0 \u00a0 \u00a0 \u00a0 \u00a0 \u00a0 \u00a0 \u00a0 \u00a0 \u00a0 -Daniel Lefebvre, General Manager, Valacta<\/span><\/em>[\/vc_column_text][vc_column_text]<div class=\"image-gallery\"><div class=\"image-gallery-inner\"><div class=\"image-gallery-single\"><a class=\"image-gallery-single-inner\" href=\"https:\/\/www.resourceintegration.ca\/wp-content\/uploads\/2017\/02\/5-Monnaie-soufflerie.jpg\" rel=\"prettyPhoto[album]\" style=\"background-image: url(https:\/\/www.resourceintegration.ca\/wp-content\/uploads\/2017\/02\/5-Monnaie-soufflerie-e1559678365424-360x270.jpg);\"><\/a><\/div><div class=\"image-gallery-single\"><a class=\"image-gallery-single-inner\" href=\"https:\/\/www.resourceintegration.ca\/wp-content\/uploads\/2017\/03\/IMG_0288.jpg\" rel=\"prettyPhoto[album]\" style=\"background-image: url(https:\/\/www.resourceintegration.ca\/wp-content\/uploads\/2017\/03\/IMG_0288-360x270.jpg);\"><\/a><\/div><div class=\"image-gallery-single\"><a class=\"image-gallery-single-inner\" href=\"https:\/\/www.resourceintegration.ca\/wp-content\/uploads\/2017\/02\/3-Pose-dun-autocollant-sur-une-bouteille.jpg\" rel=\"prettyPhoto[album]\" style=\"background-image: url(https:\/\/www.resourceintegration.ca\/wp-content\/uploads\/2017\/02\/3-Pose-dun-autocollant-sur-une-bouteille-360x270.jpg);\"><\/a><\/div><div class=\"image-gallery-single\"><a class=\"image-gallery-single-inner\" href=\"https:\/\/www.resourceintegration.ca\/wp-content\/uploads\/2017\/02\/pic_banner_int17.jpg\" rel=\"prettyPhoto[album]\" style=\"background-image: url(https:\/\/www.resourceintegration.ca\/wp-content\/uploads\/2017\/02\/pic_banner_int17-360x211.jpg);\"><\/a><\/div><div class=\"image-gallery-single\"><a class=\"image-gallery-single-inner\" href=\"https:\/\/www.resourceintegration.ca\/wp-content\/uploads\/2017\/03\/IMG_0292.jpg\" rel=\"prettyPhoto[album]\" style=\"background-image: url(https:\/\/www.resourceintegration.ca\/wp-content\/uploads\/2017\/03\/IMG_0292-360x270.jpg);\"><\/a><\/div><div class=\"image-gallery-single\"><a class=\"image-gallery-single-inner\" href=\"https:\/\/www.resourceintegration.ca\/wp-content\/uploads\/2017\/02\/4-Bo\u00eete-de-bouteilles-Valacta.jpg\" rel=\"prettyPhoto[album]\" style=\"background-image: url(https:\/\/www.resourceintegration.ca\/wp-content\/uploads\/2017\/02\/4-Bo\u00eete-de-bouteilles-Valacta-360x270.jpg);\"><\/a><\/div><\/div><\/div>[\/vc_column_text][\/vc_column][\/vc_row]<\/p>\n<\/div>","protected":false},"excerpt":{"rendered":"<p>[vc_row css_animation=&#8221;&#8221; row_type=&#8221;row&#8221; use_row_as_full_screen_section=&#8221;no&#8221; type=&#8221;grid&#8221; angled_section=&#8221;no&#8221; text_align=&#8221;left&#8221; background_image_as_pattern=&#8221;without_pattern&#8221; el_id=&#8221;template-simple&#8221;][vc_column][vc_column_text]We specialize in manual assembly and packaging work where no automation is involved at any step in the process. The expertise that&#8230;<\/p>\n","protected":false},"author":1,"featured_media":0,"parent":252,"menu_order":0,"comment_status":"closed","ping_status":"closed","template":"full_width.php","meta":{"_acf_changed":false,"footnotes":""},"class_list":["post-234","page","type-page","status-publish","hentry"],"acf":[],"yoast_head":"<!-- This site is optimized with the Yoast SEO plugin v27.4 - https:\/\/yoast.com\/product\/yoast-seo-wordpress\/ -->\n<title>Services - Assembly and Packaging | Re-Source Int\u00e9gration | Gatineau<\/title>\n<meta name=\"robots\" content=\"index, follow, max-snippet:-1, max-image-preview:large, max-video-preview:-1\" \/>\n<link rel=\"canonical\" href=\"https:\/\/www.resourceintegration.ca\/en\/services\/assembly-packaging\/\" \/>\n<meta property=\"og:locale\" content=\"en_US\" \/>\n<meta property=\"og:type\" content=\"article\" \/>\n<meta property=\"og:title\" content=\"Services - Assembly and Packaging | Re-Source Int\u00e9gration | Gatineau\" \/>\n<meta property=\"og:description\" content=\"[vc_row css_animation=&#8221;&#8221; row_type=&#8221;row&#8221; use_row_as_full_screen_section=&#8221;no&#8221; type=&#8221;grid&#8221; angled_section=&#8221;no&#8221; text_align=&#8221;left&#8221; background_image_as_pattern=&#8221;without_pattern&#8221; el_id=&#8221;template-simple&#8221;][vc_column][vc_column_text]We specialize in manual assembly and packaging work where no automation is involved at any step in the process. The expertise that...\" \/>\n<meta property=\"og:url\" content=\"https:\/\/www.resourceintegration.ca\/en\/services\/assembly-packaging\/\" \/>\n<meta property=\"og:site_name\" content=\"Re-Source Int\u00e9gration\" \/>\n<meta property=\"article:modified_time\" content=\"2019-06-06T17:33:04+00:00\" \/>\n<meta property=\"og:image\" content=\"http:\/\/www.resourceintegration.ca\/\/wp-content\/uploads\/2017\/02\/slide-1.jpg\" \/>\n<meta name=\"twitter:card\" content=\"summary_large_image\" \/>\n<meta name=\"twitter:label1\" content=\"Est. reading time\" \/>\n\t<meta name=\"twitter:data1\" content=\"2 minutes\" \/>\n<script type=\"application\/ld+json\" class=\"yoast-schema-graph\">{\"@context\":\"https:\\\/\\\/schema.org\",\"@graph\":[{\"@type\":\"WebPage\",\"@id\":\"https:\\\/\\\/www.resourceintegration.ca\\\/en\\\/services\\\/assembly-packaging\\\/\",\"url\":\"https:\\\/\\\/www.resourceintegration.ca\\\/en\\\/services\\\/assembly-packaging\\\/\",\"name\":\"Services - Assembly and Packaging | Re-Source Int\u00e9gration | Gatineau\",\"isPartOf\":{\"@id\":\"https:\\\/\\\/www.resourceintegration.ca\\\/#website\"},\"datePublished\":\"2017-03-10T20:58:59+00:00\",\"dateModified\":\"2019-06-06T17:33:04+00:00\",\"breadcrumb\":{\"@id\":\"https:\\\/\\\/www.resourceintegration.ca\\\/en\\\/services\\\/assembly-packaging\\\/#breadcrumb\"},\"inLanguage\":\"en-US\",\"potentialAction\":[{\"@type\":\"ReadAction\",\"target\":[\"https:\\\/\\\/www.resourceintegration.ca\\\/en\\\/services\\\/assembly-packaging\\\/\"]}]},{\"@type\":\"BreadcrumbList\",\"@id\":\"https:\\\/\\\/www.resourceintegration.ca\\\/en\\\/services\\\/assembly-packaging\\\/#breadcrumb\",\"itemListElement\":[{\"@type\":\"ListItem\",\"position\":1,\"name\":\"Accueil\",\"item\":\"https:\\\/\\\/www.resourceintegration.ca\\\/en\\\/\"},{\"@type\":\"ListItem\",\"position\":2,\"name\":\"Services\",\"item\":\"https:\\\/\\\/www.resourceintegration.ca\\\/en\\\/services\\\/\"},{\"@type\":\"ListItem\",\"position\":3,\"name\":\"Assembly &#038; packaging\"}]},{\"@type\":\"WebSite\",\"@id\":\"https:\\\/\\\/www.resourceintegration.ca\\\/#website\",\"url\":\"https:\\\/\\\/www.resourceintegration.ca\\\/\",\"name\":\"Re-Source Int\u00e9gration\",\"description\":\"Une force socio\u00e9conomique, des travailleurs engag\u00e9s.\",\"potentialAction\":[{\"@type\":\"SearchAction\",\"target\":{\"@type\":\"EntryPoint\",\"urlTemplate\":\"https:\\\/\\\/www.resourceintegration.ca\\\/?s={search_term_string}\"},\"query-input\":{\"@type\":\"PropertyValueSpecification\",\"valueRequired\":true,\"valueName\":\"search_term_string\"}}],\"inLanguage\":\"en-US\"}]}<\/script>\n<!-- \/ Yoast SEO plugin. -->","yoast_head_json":{"title":"Services - Assembly and Packaging | Re-Source Int\u00e9gration | Gatineau","robots":{"index":"index","follow":"follow","max-snippet":"max-snippet:-1","max-image-preview":"max-image-preview:large","max-video-preview":"max-video-preview:-1"},"canonical":"https:\/\/www.resourceintegration.ca\/en\/services\/assembly-packaging\/","og_locale":"en_US","og_type":"article","og_title":"Services - Assembly and Packaging | Re-Source Int\u00e9gration | Gatineau","og_description":"[vc_row css_animation=&#8221;&#8221; row_type=&#8221;row&#8221; use_row_as_full_screen_section=&#8221;no&#8221; type=&#8221;grid&#8221; angled_section=&#8221;no&#8221; text_align=&#8221;left&#8221; background_image_as_pattern=&#8221;without_pattern&#8221; el_id=&#8221;template-simple&#8221;][vc_column][vc_column_text]We specialize in manual assembly and packaging work where no automation is involved at any step in the process. The expertise that...","og_url":"https:\/\/www.resourceintegration.ca\/en\/services\/assembly-packaging\/","og_site_name":"Re-Source Int\u00e9gration","article_modified_time":"2019-06-06T17:33:04+00:00","og_image":[{"url":"http:\/\/www.resourceintegration.ca\/\/wp-content\/uploads\/2017\/02\/slide-1.jpg","type":"","width":"","height":""}],"twitter_card":"summary_large_image","twitter_misc":{"Est. reading time":"2 minutes"},"schema":{"@context":"https:\/\/schema.org","@graph":[{"@type":"WebPage","@id":"https:\/\/www.resourceintegration.ca\/en\/services\/assembly-packaging\/","url":"https:\/\/www.resourceintegration.ca\/en\/services\/assembly-packaging\/","name":"Services - Assembly and Packaging | Re-Source Int\u00e9gration | Gatineau","isPartOf":{"@id":"https:\/\/www.resourceintegration.ca\/#website"},"datePublished":"2017-03-10T20:58:59+00:00","dateModified":"2019-06-06T17:33:04+00:00","breadcrumb":{"@id":"https:\/\/www.resourceintegration.ca\/en\/services\/assembly-packaging\/#breadcrumb"},"inLanguage":"en-US","potentialAction":[{"@type":"ReadAction","target":["https:\/\/www.resourceintegration.ca\/en\/services\/assembly-packaging\/"]}]},{"@type":"BreadcrumbList","@id":"https:\/\/www.resourceintegration.ca\/en\/services\/assembly-packaging\/#breadcrumb","itemListElement":[{"@type":"ListItem","position":1,"name":"Accueil","item":"https:\/\/www.resourceintegration.ca\/en\/"},{"@type":"ListItem","position":2,"name":"Services","item":"https:\/\/www.resourceintegration.ca\/en\/services\/"},{"@type":"ListItem","position":3,"name":"Assembly &#038; packaging"}]},{"@type":"WebSite","@id":"https:\/\/www.resourceintegration.ca\/#website","url":"https:\/\/www.resourceintegration.ca\/","name":"Re-Source Int\u00e9gration","description":"Une force socio\u00e9conomique, des travailleurs engag\u00e9s.","potentialAction":[{"@type":"SearchAction","target":{"@type":"EntryPoint","urlTemplate":"https:\/\/www.resourceintegration.ca\/?s={search_term_string}"},"query-input":{"@type":"PropertyValueSpecification","valueRequired":true,"valueName":"search_term_string"}}],"inLanguage":"en-US"}]}},"_links":{"self":[{"href":"https:\/\/www.resourceintegration.ca\/en\/wp-json\/wp\/v2\/pages\/234","targetHints":{"allow":["GET"]}}],"collection":[{"href":"https:\/\/www.resourceintegration.ca\/en\/wp-json\/wp\/v2\/pages"}],"about":[{"href":"https:\/\/www.resourceintegration.ca\/en\/wp-json\/wp\/v2\/types\/page"}],"author":[{"embeddable":true,"href":"https:\/\/www.resourceintegration.ca\/en\/wp-json\/wp\/v2\/users\/1"}],"replies":[{"embeddable":true,"href":"https:\/\/www.resourceintegration.ca\/en\/wp-json\/wp\/v2\/comments?post=234"}],"version-history":[{"count":10,"href":"https:\/\/www.resourceintegration.ca\/en\/wp-json\/wp\/v2\/pages\/234\/revisions"}],"predecessor-version":[{"id":672,"href":"https:\/\/www.resourceintegration.ca\/en\/wp-json\/wp\/v2\/pages\/234\/revisions\/672"}],"up":[{"embeddable":true,"href":"https:\/\/www.resourceintegration.ca\/en\/wp-json\/wp\/v2\/pages\/252"}],"wp:attachment":[{"href":"https:\/\/www.resourceintegration.ca\/en\/wp-json\/wp\/v2\/media?parent=234"}],"curies":[{"name":"wp","href":"https:\/\/api.w.org\/{rel}","templated":true}]}}