{"id":252,"date":"2017-03-13T13:02:43","date_gmt":"2017-03-13T13:02:43","guid":{"rendered":"http:\/\/www.resourceintegration.ca\/\/?page_id=252\/"},"modified":"2017-03-13T13:02:43","modified_gmt":"2017-03-13T13:02:43","slug":"services","status":"publish","type":"page","link":"https:\/\/www.resourceintegration.ca\/en\/services\/","title":{"rendered":"Services"},"content":{"rendered":"","protected":false},"excerpt":{"rendered":"","protected":false},"author":1,"featured_media":0,"parent":0,"menu_order":0,"comment_status":"closed","ping_status":"closed","template":"full_width.php","meta":{"_acf_changed":false,"footnotes":""},"class_list":["post-252","page","type-page","status-publish","hentry"],"acf":[],"yoast_head":"<!-- This site is optimized with the Yoast SEO plugin v27.3 - https:\/\/yoast.com\/product\/yoast-seo-wordpress\/ -->\n<title>Services | Re-Source Int\u00e9gration | Gatineau - Ottawa<\/title>\n<meta name=\"robots\" content=\"index, follow, max-snippet:-1, max-image-preview:large, max-video-preview:-1\" \/>\n<link rel=\"canonical\" href=\"https:\/\/www.resourceintegration.ca\/en\/services\/\" \/>\n<meta property=\"og:locale\" content=\"en_US\" \/>\n<meta property=\"og:type\" content=\"article\" \/>\n<meta property=\"og:title\" content=\"Services | Re-Source Int\u00e9gration | Gatineau - Ottawa\" \/>\n<meta property=\"og:url\" content=\"https:\/\/www.resourceintegration.ca\/en\/services\/\" \/>\n<meta property=\"og:site_name\" content=\"Re-Source Int\u00e9gration\" \/>\n<meta property=\"og:image\" content=\"http:\/\/www.resourceintegration.ca\/\/wp-content\/uploads\/2017\/02\/slide-1.jpg\" \/>\n<meta name=\"twitter:card\" content=\"summary_large_image\" \/>\n<script type=\"application\/ld+json\" class=\"yoast-schema-graph\">{\"@context\":\"https:\\\/\\\/schema.org\",\"@graph\":[{\"@type\":\"WebPage\",\"@id\":\"https:\\\/\\\/www.resourceintegration.ca\\\/en\\\/services\\\/\",\"url\":\"https:\\\/\\\/www.resourceintegration.ca\\\/en\\\/services\\\/\",\"name\":\"Services | Re-Source Int\u00e9gration | Gatineau - Ottawa\",\"isPartOf\":{\"@id\":\"https:\\\/\\\/www.resourceintegration.ca\\\/#website\"},\"datePublished\":\"2017-03-13T13:02:43+00:00\",\"breadcrumb\":{\"@id\":\"https:\\\/\\\/www.resourceintegration.ca\\\/en\\\/services\\\/#breadcrumb\"},\"inLanguage\":\"en-US\",\"potentialAction\":[{\"@type\":\"ReadAction\",\"target\":[\"https:\\\/\\\/www.resourceintegration.ca\\\/en\\\/services\\\/\"]}]},{\"@type\":\"BreadcrumbList\",\"@id\":\"https:\\\/\\\/www.resourceintegration.ca\\\/en\\\/services\\\/#breadcrumb\",\"itemListElement\":[{\"@type\":\"ListItem\",\"position\":1,\"name\":\"Accueil\",\"item\":\"https:\\\/\\\/www.resourceintegration.ca\\\/en\\\/\"},{\"@type\":\"ListItem\",\"position\":2,\"name\":\"Services\"}]},{\"@type\":\"WebSite\",\"@id\":\"https:\\\/\\\/www.resourceintegration.ca\\\/#website\",\"url\":\"https:\\\/\\\/www.resourceintegration.ca\\\/\",\"name\":\"Re-Source Int\u00e9gration\",\"description\":\"Une force socio\u00e9conomique, des travailleurs engag\u00e9s.\",\"potentialAction\":[{\"@type\":\"SearchAction\",\"target\":{\"@type\":\"EntryPoint\",\"urlTemplate\":\"https:\\\/\\\/www.resourceintegration.ca\\\/?s={search_term_string}\"},\"query-input\":{\"@type\":\"PropertyValueSpecification\",\"valueRequired\":true,\"valueName\":\"search_term_string\"}}],\"inLanguage\":\"en-US\"}]}<\/script>\n<!-- \/ Yoast SEO plugin. -->","yoast_head_json":{"title":"Services | Re-Source Int\u00e9gration | Gatineau - Ottawa","robots":{"index":"index","follow":"follow","max-snippet":"max-snippet:-1","max-image-preview":"max-image-preview:large","max-video-preview":"max-video-preview:-1"},"canonical":"https:\/\/www.resourceintegration.ca\/en\/services\/","og_locale":"en_US","og_type":"article","og_title":"Services | Re-Source Int\u00e9gration | Gatineau - Ottawa","og_url":"https:\/\/www.resourceintegration.ca\/en\/services\/","og_site_name":"Re-Source Int\u00e9gration","og_image":[{"url":"http:\/\/www.resourceintegration.ca\/\/wp-content\/uploads\/2017\/02\/slide-1.jpg","type":"","width":"","height":""}],"twitter_card":"summary_large_image","schema":{"@context":"https:\/\/schema.org","@graph":[{"@type":"WebPage","@id":"https:\/\/www.resourceintegration.ca\/en\/services\/","url":"https:\/\/www.resourceintegration.ca\/en\/services\/","name":"Services | Re-Source Int\u00e9gration | Gatineau - Ottawa","isPartOf":{"@id":"https:\/\/www.resourceintegration.ca\/#website"},"datePublished":"2017-03-13T13:02:43+00:00","breadcrumb":{"@id":"https:\/\/www.resourceintegration.ca\/en\/services\/#breadcrumb"},"inLanguage":"en-US","potentialAction":[{"@type":"ReadAction","target":["https:\/\/www.resourceintegration.ca\/en\/services\/"]}]},{"@type":"BreadcrumbList","@id":"https:\/\/www.resourceintegration.ca\/en\/services\/#breadcrumb","itemListElement":[{"@type":"ListItem","position":1,"name":"Accueil","item":"https:\/\/www.resourceintegration.ca\/en\/"},{"@type":"ListItem","position":2,"name":"Services"}]},{"@type":"WebSite","@id":"https:\/\/www.resourceintegration.ca\/#website","url":"https:\/\/www.resourceintegration.ca\/","name":"Re-Source Int\u00e9gration","description":"Une force socio\u00e9conomique, des travailleurs engag\u00e9s.","potentialAction":[{"@type":"SearchAction","target":{"@type":"EntryPoint","urlTemplate":"https:\/\/www.resourceintegration.ca\/?s={search_term_string}"},"query-input":{"@type":"PropertyValueSpecification","valueRequired":true,"valueName":"search_term_string"}}],"inLanguage":"en-US"}]}},"_links":{"self":[{"href":"https:\/\/www.resourceintegration.ca\/en\/wp-json\/wp\/v2\/pages\/252","targetHints":{"allow":["GET"]}}],"collection":[{"href":"https:\/\/www.resourceintegration.ca\/en\/wp-json\/wp\/v2\/pages"}],"about":[{"href":"https:\/\/www.resourceintegration.ca\/en\/wp-json\/wp\/v2\/types\/page"}],"author":[{"embeddable":true,"href":"https:\/\/www.resourceintegration.ca\/en\/wp-json\/wp\/v2\/users\/1"}],"replies":[{"embeddable":true,"href":"https:\/\/www.resourceintegration.ca\/en\/wp-json\/wp\/v2\/comments?post=252"}],"version-history":[{"count":1,"href":"https:\/\/www.resourceintegration.ca\/en\/wp-json\/wp\/v2\/pages\/252\/revisions"}],"predecessor-version":[{"id":253,"href":"https:\/\/www.resourceintegration.ca\/en\/wp-json\/wp\/v2\/pages\/252\/revisions\/253"}],"wp:attachment":[{"href":"https:\/\/www.resourceintegration.ca\/en\/wp-json\/wp\/v2\/media?parent=252"}],"curies":[{"name":"wp","href":"https:\/\/api.w.org\/{rel}","templated":true}]}}